{"id":16287,"date":"2025-05-19T11:31:30","date_gmt":"2025-05-19T11:31:30","guid":{"rendered":"https:\/\/crt.org.br\/inthegra\/?page_id=16287"},"modified":"2025-05-21T10:27:44","modified_gmt":"2025-05-21T13:27:44","slug":"midia","status":"publish","type":"page","link":"https:\/\/crt.org.br\/inthegra\/midia\/","title":{"rendered":"M\u00eddia"},"content":{"rendered":"\t\t<div data-elementor-type=\"wp-page\" data-elementor-id=\"16287\" class=\"elementor elementor-16287\">\n\t\t\t\t<div class=\"elementor-element elementor-element-397f53b e-flex e-con-boxed jltma-glass-effect-no wpr-particle-no wpr-jarallax-no wpr-parallax-no wpr-sticky-section-no wpr-column-slider-no wpr-equal-height-no e-con e-parent\" data-id=\"397f53b\" data-element_type=\"container\" data-e-type=\"container\">\n\t\t\t\t\t<div class=\"e-con-inner\">\n\t\t\t\t<div class=\"elementor-element elementor-element-86b2f0c jltma-glass-effect-no elementor-widget elementor-widget-heading\" data-id=\"86b2f0c\" data-element_type=\"widget\" data-e-type=\"widget\" data-widget_type=\"heading.default\">\n\t\t\t\t<div class=\"elementor-widget-container\">\n\t\t\t\t\t<h2 class=\"elementor-heading-title elementor-size-default\">V\u00eddeos<\/h2>\t\t\t\t<\/div>\n\t\t\t\t<\/div>\n\t\t\t\t<div class=\"elementor-element elementor-element-b953a4d jltma-glass-effect-no elementor-widget elementor-widget-heading\" data-id=\"b953a4d\" data-element_type=\"widget\" data-e-type=\"widget\" data-widget_type=\"heading.default\">\n\t\t\t\t<div class=\"elementor-widget-container\">\n\t\t\t\t\t<h3 class=\"elementor-heading-title elementor-size-default\">Aprenda e interaja com especialistas em Terapias Hol\u00edsticas<\/h3>\t\t\t\t<\/div>\n\t\t\t\t<\/div>\n\t\t\t\t<div class=\"elementor-element elementor-element-50e4d91 jltma-glass-effect-no elementor-widget elementor-widget-text-editor\" data-id=\"50e4d91\" data-element_type=\"widget\" data-e-type=\"widget\" data-widget_type=\"text-editor.default\">\n\t\t\t\t<div class=\"elementor-widget-container\">\n\t\t\t\t\t\t\t\t\t<p>Aqui \u00e9 seu espa\u00e7o para participar de lives, palestras e cursos curtos ministrados por Terapeutas Hol\u00edsticos Credenciados.<\/p><p>Acompanhe nosso cronograma mensal com temas variados e aprofunde seus conhecimentos em terapias hol\u00edsticas. Interaja com especialistas e descubra novas abordagens para o bem-estar.<\/p>\t\t\t\t\t\t\t\t<\/div>\n\t\t\t\t<\/div>\n\t\t\t\t<div class=\"elementor-element elementor-element-3bbb677 jltma-glass-effect-no elementor-widget elementor-widget-sby-widget\" data-id=\"3bbb677\" data-element_type=\"widget\" data-e-type=\"widget\" data-widget_type=\"sby-widget.default\">\n\t\t\t\t<div class=\"elementor-widget-container\">\n\t\t\t\t\t\n\n<div id=\"sb_youtube_sbyUCFNQ1qliCeHp4n1pMEtQgg12\" \n\t class=\"sb_youtube sby_layout_grid sby_col_4 sby_mob_col_2 sby_palette_dark  sby_width_resp\" \n\tdata-feedid=\"sby_UCFNQ1qliCeHp4n1p_MEtQgg#12\" \n\tdata-shortcode-atts=\"{&quot;feed&quot;:&quot;1&quot;}\" \n\tdata-cols=\"4\" \n\tdata-colsmobile=\"2\" \n\tdata-num=\"12\" \n\tdata-nummobile=\"12\" \n\tdata-channel-subscribers=\"308 assinantes\"\tdata-subscribe-btn=\"1\" \n\tdata-subscribe-btn-text=\"Assinar\" \n\tdata_channel_header_colors =\"{&quot;channelName&quot;:&quot;&quot;,&quot;subscribeCount&quot;:&quot;&quot;,&quot;buttonBackground&quot;:&quot;&quot;,&quot;buttonText&quot;:&quot;&quot;}\"\n\t data-sby-flags=\"resizeDisable\" data-postid=\"16287\" data-sby-supports-lightbox=\"1\" \n\t data-videocardlayout=\"vertical\" \n>\n\t        <div class=\"sby_items_wrap\" style=\"padding: 5px;\">\n\t\t    <\/div>\n    \n\t\n    \n\t\t\t\t<div id=\"sby_mod_error\">\r\n\t\t\t\t<span>Esta mensagem de erro \u00e9 vis\u00edvel apenas para administradores do WordPress<\/span><br \/>\r\n\t\t\t\t\t\t\t\t\t<p><b>N\u00e3o \u00e9 poss\u00edvel acessar v\u00eddeos desse canal. Verifique se essa \u00e9 uma ID de canal v\u00e1lida.<\/b><\/p><p><b>Erro: nenhum v\u00eddeo encontrado.<\/b><p>Verifique se essa \u00e9 uma ID de canal v\u00e1lida e se o canal tem v\u00eddeos dispon\u00edveis no youtube.com.<\/p>\t\t\t\t\t\t\t<\/div>\r\n\t\t\t\n<\/div>\n\n<style type=\"text\/css\">body #sb_youtube_sbyUCFNQ1qliCeHp4n1pMEtQgg12 .sby_caption_wrap .sby_caption { font-size: 13px !important}body #sb_youtube_sbyUCFNQ1qliCeHp4n1pMEtQgg12 .sby_follow_btn a:hover { box-shadow:inset 0 0 10px 20px rgb(255, 255, 255, .25) !important}body #sb_youtube_sbyUCFNQ1qliCeHp4n1pMEtQgg12[data-videostyle=boxed] .sby_items_wrap .sby_item .sby_inner_item { background-color: #ffffff !important}<\/style>\t\t\t\t<\/div>\n\t\t\t\t<\/div>\n\t\t\t\t\t<\/div>\n\t\t\t\t<\/div>\n\t\t\t\t<\/div>\n\t\t","protected":false},"excerpt":{"rendered":"<p>V\u00eddeos Aprenda e interaja com especialistas em Terapias Hol\u00edsticas Aqui \u00e9 seu espa\u00e7o para participar de lives, palestras e cursos curtos ministrados por Terapeutas Hol\u00edsticos&hellip;<\/p>\n","protected":false},"author":1,"featured_media":0,"parent":0,"menu_order":0,"comment_status":"closed","ping_status":"closed","template":"","meta":{"ngg_post_thumbnail":0,"footnotes":""},"class_list":["post-16287","page","type-page","status-publish","hentry"],"_links":{"self":[{"href":"https:\/\/crt.org.br\/inthegra\/wp-json\/wp\/v2\/pages\/16287","targetHints":{"allow":["GET"]}}],"collection":[{"href":"https:\/\/crt.org.br\/inthegra\/wp-json\/wp\/v2\/pages"}],"about":[{"href":"https:\/\/crt.org.br\/inthegra\/wp-json\/wp\/v2\/types\/page"}],"author":[{"embeddable":true,"href":"https:\/\/crt.org.br\/inthegra\/wp-json\/wp\/v2\/users\/1"}],"replies":[{"embeddable":true,"href":"https:\/\/crt.org.br\/inthegra\/wp-json\/wp\/v2\/comments?post=16287"}],"version-history":[{"count":10,"href":"https:\/\/crt.org.br\/inthegra\/wp-json\/wp\/v2\/pages\/16287\/revisions"}],"predecessor-version":[{"id":16493,"href":"https:\/\/crt.org.br\/inthegra\/wp-json\/wp\/v2\/pages\/16287\/revisions\/16493"}],"wp:attachment":[{"href":"https:\/\/crt.org.br\/inthegra\/wp-json\/wp\/v2\/media?parent=16287"}],"curies":[{"name":"wp","href":"https:\/\/api.w.org\/{rel}","templated":true}]}}