{"id":16350,"date":"2025-05-19T14:07:36","date_gmt":"2025-05-19T14:07:36","guid":{"rendered":"https:\/\/crt.org.br\/inthegra\/cadastro\/"},"modified":"2025-05-21T10:49:29","modified_gmt":"2025-05-21T13:49:29","slug":"cadastro","status":"publish","type":"page","link":"https:\/\/crt.org.br\/inthegra\/cadastro\/","title":{"rendered":"Cadastro"},"content":{"rendered":"\n\n<div class=\"pmagic\">   \n    <!-----Form Starts----->\n    <div class=\"pg-group-box-wrap pg-group-reg-form pg-group-form-field-icon pm-dbfl\">\n        <form class=\"pmagic-form pm-dbfl\"\n              method=\"post\"\n              action=\"\"\n              id=\"pm_regform_1\"\n              name=\"pm_regform_1\"\n              onsubmit=\"return profile_magic_frontend_validation(this)\"\n              enctype=\"multipart\/form-data\">\n\n            <input type=\"hidden\" name=\"pm_registration_nonce\" value=\"76f13175ab\" \/>\n            <fieldset id=\"fieldset_1\"><legend>Detalhes pessoais<\/legend><div class=\"pmrow\">        \n        <div class=\"pm-col\">\n            <div class=\"pm-field-lable\">\n                <span class=\"pm-form-field-icon\"><\/span>\n                <label for=\"user_login\">CRT<sup class=\"pm_estric\">*<\/sup><\/label>\n            <\/div>\n            <div class=\"pm-field-input pm_user_name pm_required\">\n                <input title=\"\" type=\"text\" class=\"\" maxlength=\"\" value=\"\" id=\"user_login\" name=\"user_login\" placeholder=\"\" onkeyup=\"pm_frontend_check_username()\" onblur=\"pm_frontend_check_username()\">\n                <div class=\"errortext\" style=\"display:none;\"><\/div>\n                <div class=\"usernameerror\" style=\"display:none;\"><\/div>\n            <\/div>\n        <\/div>\n\n        <\/div><div class=\"pmrow\">        \n        <div class=\"pm-col\">\n            <div class=\"pm-field-lable\">\n                  <span class=\"pm-form-field-icon\"><\/span>\n                <label for=\"first_name\">Primeiro Nome<sup class=\"pm_estric\">*<\/sup><\/label>\n            <\/div>\n            <div class=\"pm-field-input pm_required\">\n                <input title=\"\" type=\"text\" class=\"\" maxlength=\"\" value=\"\" id=\"first_name\" name=\"first_name\" placeholder=\"\">\n                <div class=\"errortext\" style=\"display:none;\"><\/div>\n            <\/div>\n        <\/div>\n\n        <\/div><div class=\"pmrow\">        \n        <div class=\"pm-col\">\n            <div class=\"pm-field-lable\">\n                  <span class=\"pm-form-field-icon\"><\/span>\n                <label for=\"last_name\">Sobrenome<sup class=\"pm_estric\">*<\/sup><\/label>\n            <\/div>\n            <div class=\"pm-field-input pm_required\">\n                <input title=\"\" type=\"text\" class=\"\" maxlength=\"\" value=\"\" id=\"last_name\" name=\"last_name\" placeholder=\"\">\n                <div class=\"errortext\" style=\"display:none;\"><\/div>\n            <\/div>\n        <\/div>\n\n        <\/div><div class=\"pmrow\">        \n        <div class=\"pm-col\">\n            <div class=\"pm-field-lable\">\n                  <span class=\"pm-form-field-icon\"><\/span>\n                <label for=\"user_email\">Email<sup class=\"pm_estric\">*<\/sup><\/label>\n            <\/div>\n            <div class=\"pm-field-input pm_email pm_user_email pm_required\">\n                                        <input title=\"\" type=\"email\" class=\"\"  value=\"\" id=\"user_email\" name=\"user_email\" placeholder=\"\" onkeyup=\"pm_frontend_check_useremail('')\" onblur=\"pm_frontend_check_useremail('')\" >\n                                        <div class=\"errortext\" style=\"display:none;\"><\/div>\n                <div class=\"useremailerror\" style=\"display:none;\"><\/div>\n            <\/div>\n        <\/div>\n\n        <\/div><div class=\"pmrow\">        \n        <div class=\"pm-col\">\n            <div class=\"pm-field-lable\">\n                <span class=\"pm-form-field-icon\"><\/span>\n                <label for=\"user_pass\">Senha<sup class=\"pm_estric\">*<\/sup><\/label>\n            <\/div>\n            <div class=\"pm-field-input pm_user_pass pm_required\">\n                <input title=\"\" type=\"password\" class=\"\" maxlength=\"\" value=\"\" id=\"user_pass\" name=\"user_pass\" placeholder=\"\">\n                <div class=\"errortext\" style=\"display:none;\"><\/div>\n            <\/div>\n        <\/div>\n\n        <\/div><div class=\"pmrow\">        \n        <div class=\"pm-col\">\n            <div class=\"pm-field-lable\">\n                  <span class=\"pm-form-field-icon\"><\/span>\n                <label for=\"pm_field_9\">Celular\/WhatsApp<\/label>\n            <\/div>\n            <div class=\"pm-field-input pm_mobile_number \">              \n                <input type=\"text\" title=\"\" class=\"\" maxlength=\"\" value=\"\" id=\"pm_field_9\" name=\"pm_field_9\" placeholder=\"\">\n                <div class=\"errortext\" style=\"display:none;\"><\/div>\n            <\/div>\n        <\/div>\n        <\/div><div class=\"pmrow\">        \n        <div class=\"pm-col\">\n            <div class=\"pm-field-lable\">\n                <span class=\"pm-form-field-icon\"><\/span>\n                <label for=\"confirm_pass\">Confirmar Senha<sup class=\"pm_estric\">*<\/sup><\/label>\n            <\/div>\n            <div class=\"pm-field-input pm_confirm_pass pm_required\">\n                <input title=\"\" type=\"password\" class=\"\" maxlength=\"\" value=\"\" id=\"confirm_pass\" name=\"confirm_pass\" placeholder=\"\">\n                <div class=\"errortext\" style=\"display:none;\"><\/div>\n            <\/div>\n        <\/div>\n        <\/div><div class=\"pmrow\">        \n        <div class=\"pm-col\">\n            <div class=\"pm-field-lable\">\n                  <span class=\"pm-form-field-icon\"><\/span>\n                <label for=\"user_url\">Website<sup class=\"pm_estric\">*<\/sup><\/label>\n            <\/div>\n            <div class=\"pm-field-input pm_user_url pm_required\">\n                <input title=\"\" type=\"url\" class=\"\" maxlength=\"\" value=\"\" id=\"user_url\" name=\"user_url\" placeholder=\"\">\n                <div class=\"errortext\" style=\"display:none;\"><\/div>\n            <\/div>\n        <\/div>\n\n        <\/div><div class=\"pmrow\">        \n        <div class=\"pm-col\">\n            <div class=\"pm-field-lable\">\n                  <span class=\"pm-form-field-icon\"><\/span>\n                <label for=\"description\">Informa\u00e7\u00e3o Biogr\u00e1fica<sup class=\"pm_estric\">*<\/sup><\/label>\n            <\/div>\n            <div class=\"pm-field-input pm_textarearequired\">\n                                 <textarea title=\"\" class=\"\" maxlength=\"\" cols=\"\" rows=\"\" id=\"description\" name=\"description\" placeholder=\"\"><\/textarea>\n                                <div class=\"errortext\" style=\"display:none;\"><\/div>\n            <\/div>\n        <\/div>\n        <\/div><div class=\"all_errors\" style=\"display:none;\"><\/div><\/fieldset>\n            <div class=\"buttonarea pm-full-width-container\">\n                <div class=\"all_errors\" style=\"display:none;\"><\/div>\n\n                     \n\n                \n                <input type=\"submit\"\n                       value=\"Enviar\"\n                       name=\"reg_form_submit\">\n            <\/div>\n        <\/form>\n    <\/div>\n<\/div>\n\n\n\n<p><\/p>\n","protected":false},"excerpt":{"rendered":"","protected":false},"author":1,"featured_media":0,"parent":0,"menu_order":0,"comment_status":"closed","ping_status":"closed","template":"","meta":{"ngg_post_thumbnail":0,"footnotes":""},"class_list":["post-16350","page","type-page","status-publish","hentry"],"_links":{"self":[{"href":"https:\/\/crt.org.br\/inthegra\/wp-json\/wp\/v2\/pages\/16350","targetHints":{"allow":["GET"]}}],"collection":[{"href":"https:\/\/crt.org.br\/inthegra\/wp-json\/wp\/v2\/pages"}],"about":[{"href":"https:\/\/crt.org.br\/inthegra\/wp-json\/wp\/v2\/types\/page"}],"author":[{"embeddable":true,"href":"https:\/\/crt.org.br\/inthegra\/wp-json\/wp\/v2\/users\/1"}],"replies":[{"embeddable":true,"href":"https:\/\/crt.org.br\/inthegra\/wp-json\/wp\/v2\/comments?post=16350"}],"version-history":[{"count":2,"href":"https:\/\/crt.org.br\/inthegra\/wp-json\/wp\/v2\/pages\/16350\/revisions"}],"predecessor-version":[{"id":16498,"href":"https:\/\/crt.org.br\/inthegra\/wp-json\/wp\/v2\/pages\/16350\/revisions\/16498"}],"wp:attachment":[{"href":"https:\/\/crt.org.br\/inthegra\/wp-json\/wp\/v2\/media?parent=16350"}],"curies":[{"name":"wp","href":"https:\/\/api.w.org\/{rel}","templated":true}]}}