{"id":16351,"date":"2025-05-19T14:07:36","date_gmt":"2025-05-19T14:07:36","guid":{"rendered":"https:\/\/crt.org.br\/inthegra\/grupo-de-usuarios-padrao\/"},"modified":"2025-05-19T17:04:13","modified_gmt":"2025-05-19T17:04:13","slug":"autores","status":"publish","type":"page","link":"https:\/\/crt.org.br\/inthegra\/autores\/","title":{"rendered":"Autores"},"content":{"rendered":"<div class=\"pmagic\">\n    <div class=\"pg-group-box-wrap pg-single-group-card-box\">\n           <div class=\"pm-group-card-box pm-dbfl pm-border-bt\">\n         <div class=\"pm-group-card pm-dbfl pm-border pm-bg pm-radius5\">\n            <div class=\"pm-group-title pm-dbfl pm-bg-lt pm-pad10 pm-border-bt\">\n            <i class=\"fa fa-users\" aria-hidden=\"true\"><\/i>\n\t\t\tAutores                        <\/div>\n             <div class=\"pm-group-image pm-difl pm-border\">\n                  <img fetchpriority=\"high\" decoding=\"async\" width=\"1200\" height=\"1680\" src=\"https:\/\/crt.org.br\/inthegra\/wp-content\/uploads\/2025\/05\/fundoSite.jpg\" class=\"\" alt=\"\" srcset=\"https:\/\/crt.org.br\/inthegra\/wp-content\/uploads\/2025\/05\/fundoSite.jpg 1200w, https:\/\/crt.org.br\/inthegra\/wp-content\/uploads\/2025\/05\/fundoSite-214x300.jpg 214w, https:\/\/crt.org.br\/inthegra\/wp-content\/uploads\/2025\/05\/fundoSite-731x1024.jpg 731w, https:\/\/crt.org.br\/inthegra\/wp-content\/uploads\/2025\/05\/fundoSite-768x1075.jpg 768w, https:\/\/crt.org.br\/inthegra\/wp-content\/uploads\/2025\/05\/fundoSite-1097x1536.jpg 1097w\" sizes=\"(max-width: 1200px) 100vw, 1200px\" \/>                   \n                  \t\t\t\t<div class=\"pm-group-signup\">\n                                    <button onclick=\"window.location.href='https:\/\/crt.org.br\/inthegra\/cadastro\/?gid=1'\" class=\"pm_button\">Entrar no grupo<\/button>\t\t\t\t<\/div>                \n\t\t\t\t                 \n             <\/div>\n             <div class=\"pm-group-description pm-difl pm-bg pm-pad10 pm-border\">\n         \n         \t\t                 <div class=\"pm-card-row pm-dbfl\">\n                    <div class=\"pm-card-label pm-difl\">Membros<\/div>\n                    <div class=\"pm-card-value pm-difl\">10<\/div>\n                 <\/div>\n                                  \n                                   <div class=\"pm-card-row pm-dbfl\">\n                    <div class=\"pm-card-label pm-difl\">Detalhes<\/div>\n                    <div class=\"pm-card-value pm-difl\">Grupo de autores do CRT Inthegra<\/div>\n                 <\/div>\n                                               <\/div>\n           <\/div>\n           \n           \n\n        <\/div>\n   \n          <div id=\"pg_group_tabs\" class=\"pm-section-nav-horizental pm-dbfl\">\n        <ul class=\"pm-difl pm-profile-tab-wrap pm-border-bt\">\t\n                        <li class=\"pm-profile-tab pm-pad10\"><a class=\"pm-dbfl\" href=\"#pg_members\">Membros<\/a><\/li>\n                                     \n        <\/ul>\n                <div id=\"pg_members\" class=\"pm-dbfl pg-profile-tab-content\">\n        <input type=\"hidden\" id=\"pg-gid\" name=\"pg-gid\" value=\"1\">\n        <div class=\"pg-group-setting-head pm-dbfl pm-bg pg-group-filters-head\">\n        <div class=\"pg-group-sorting-ls pg-members-sortby pm-difl \">\n            <div class=\"pg-sortby-alpha pm-difl\">\n                <span class=\"pg-group-sorting-title pm-difl\">Ordenar por<\/span>\n            <span class=\"pg-sort-dropdown pm-border pm-difl\">\n                <select class=\"pg-custom-select\" name=\"member_sort_by_grid\" id=\"member_sort_by_grid\" onchange=\"pm_get_all_users_from_group_grid_view(1,'grid')\">\n                    <option value=\"oldest_first\"  selected='selected'>Oldest<\/option>\n                    <option value=\"latest_first\"  >Newest<\/option>\n                    <option value=\"first_name_asc\"  >Nome alfabeticamente A-Z<\/option>\n                    <option value=\"first_name_desc\"  >Nome alfabeticamente A-Z<\/option>\n                    <option value=\"last_name_asc\"  >Sobrenome alfabeticamente A-Z<\/option>\n                    <option value=\"last_name_desc\"  >Sobrenome alfabeticamente Z-A<\/option>\n\n                <\/select>\n            <\/span>\n                <\/div>\n            \n        <\/div>\n      \n        <div class=\"pg-group-sorting-rs pm-difr\">\n           <div class=\"pg-members-sortby\">\n                <span class=\"pg-sort-dropdown pm-border\">\n                    <select class=\"pg-custom-select\" id=\"member_search_in_grid\" name=\"member_search_in_grid\" onchange=\"pm_get_all_users_from_group_grid_view(1,'grid')\">\n                        <option value=\"\">Selecione um campo<\/option>\n                        <option value=\"user_login\">CRT<\/option><option value=\"first_name\">Primeiro Nome<\/option><option value=\"last_name\">Sobrenome<\/option><option value=\"user_email\">Email<\/option><option value=\"pm_field_9\">Celular\/WhatsApp<\/option><option value=\"user_url\">Website<\/option><option value=\"description\">Informa\u00e7\u00e3o Biogr\u00e1fica<\/option>                    <\/select>\n                <\/span>\n\n            <\/div>\n            <div class=\" pg-member-search\"><input type=\"text\" name=\"member_search_grid\" id=\"member_search_grid\" placeholder=\"Procurar\" onkeyup=\"pm_get_all_users_from_group_grid_view(1,'grid')\"><\/div>\n        <\/div>\n\n    <\/div>    \n        \n            <div id=\"pg_members_grid_view\">    \n            \n            \n        \n        <div class=\"pm-user-card pm-difl pm-border pm-radius5\">\n                        <div class=\"pm-user-card-cover pm-dbfl\">\n                <img decoding=\"async\" width=\"1200\" height=\"1680\" src=\"https:\/\/crt.org.br\/inthegra\/wp-content\/uploads\/2025\/05\/fundoSite-2.jpg\" class=\"150\" alt=\"\" srcset=\"https:\/\/crt.org.br\/inthegra\/wp-content\/uploads\/2025\/05\/fundoSite-2.jpg 1200w, https:\/\/crt.org.br\/inthegra\/wp-content\/uploads\/2025\/05\/fundoSite-2-214x300.jpg 214w, https:\/\/crt.org.br\/inthegra\/wp-content\/uploads\/2025\/05\/fundoSite-2-731x1024.jpg 731w, https:\/\/crt.org.br\/inthegra\/wp-content\/uploads\/2025\/05\/fundoSite-2-768x1075.jpg 768w, https:\/\/crt.org.br\/inthegra\/wp-content\/uploads\/2025\/05\/fundoSite-2-1097x1536.jpg 1097w\" sizes=\"(max-width: 1200px) 100vw, 1200px\" \/>                <\/div>\n                        <a href=\"https:\/\/crt.org.br\/inthegra\/meu-perfil\/?uid=1\"><div class=\"pm-user-image pm-dbfl pm-bg-lt \"><img decoding=\"async\" width=\"150\" height=\"150\" src=\"https:\/\/crt.org.br\/inthegra\/wp-content\/uploads\/2025\/05\/inthegraProfile-150x150.png\" class=\"user-profile-image\" alt=\"\" loading=\"\" srcset=\"https:\/\/crt.org.br\/inthegra\/wp-content\/uploads\/2025\/05\/inthegraProfile-150x150.png 150w, https:\/\/crt.org.br\/inthegra\/wp-content\/uploads\/2025\/05\/inthegraProfile-300x300.png 300w, https:\/\/crt.org.br\/inthegra\/wp-content\/uploads\/2025\/05\/inthegraProfile-1024x1024.png 1024w, https:\/\/crt.org.br\/inthegra\/wp-content\/uploads\/2025\/05\/inthegraProfile-768x768.png 768w, https:\/\/crt.org.br\/inthegra\/wp-content\/uploads\/2025\/05\/inthegraProfile.png 1400w\" sizes=\"(max-width: 150px) 100vw, 150px\" \/><\/div><\/a>\n                        <div class=\"pm-user-description pm-dbfl pm-bg-lt\">\n                <div class=\"pm-user-card-title pm-dbfl pm-pad10 pm-bg-lt pm-clip\">\n                                    <a href=\"https:\/\/crt.org.br\/inthegra\/meu-perfil\/?uid=1\">CRT Inthegra <\/a>\n                                                    <\/div>\n                                  \n            <\/div>\n                      <\/div>         \n      \t        \n        <div class=\"pm-user-card pm-difl pm-border pm-radius5\">\n                        <div class=\"pm-user-card-cover pm-dbfl\">\n                <img decoding=\"async\" width=\"1200\" height=\"1680\" src=\"https:\/\/crt.org.br\/inthegra\/wp-content\/uploads\/2025\/05\/fundoSite-2.jpg\" class=\"150\" alt=\"\" srcset=\"https:\/\/crt.org.br\/inthegra\/wp-content\/uploads\/2025\/05\/fundoSite-2.jpg 1200w, https:\/\/crt.org.br\/inthegra\/wp-content\/uploads\/2025\/05\/fundoSite-2-214x300.jpg 214w, https:\/\/crt.org.br\/inthegra\/wp-content\/uploads\/2025\/05\/fundoSite-2-731x1024.jpg 731w, https:\/\/crt.org.br\/inthegra\/wp-content\/uploads\/2025\/05\/fundoSite-2-768x1075.jpg 768w, https:\/\/crt.org.br\/inthegra\/wp-content\/uploads\/2025\/05\/fundoSite-2-1097x1536.jpg 1097w\" sizes=\"(max-width: 1200px) 100vw, 1200px\" \/>                <\/div>\n                        <a href=\"https:\/\/crt.org.br\/inthegra\/meu-perfil\/?uid=28\"><div class=\"pm-user-image pm-dbfl pm-bg-lt \"><img loading=\"lazy\" decoding=\"async\" width=\"150\" height=\"150\" src=\"https:\/\/crt.org.br\/inthegra\/wp-content\/uploads\/2025\/05\/49127-150x150.jpg\" class=\"user-profile-image\" alt=\"\" loading=\"\" \/><\/div><\/a>\n                        <div class=\"pm-user-description pm-dbfl pm-bg-lt\">\n                <div class=\"pm-user-card-title pm-dbfl pm-pad10 pm-bg-lt pm-clip\">\n                                    <a href=\"https:\/\/crt.org.br\/inthegra\/meu-perfil\/?uid=28\">Marcella Romero <\/a>\n                                                    <\/div>\n                                  \n            <\/div>\n                      <\/div>         \n      \t        \n        <div class=\"pm-user-card pm-difl pm-border pm-radius5\">\n                        <div class=\"pm-user-card-cover pm-dbfl\">\n                <img decoding=\"async\" width=\"1200\" height=\"1680\" src=\"https:\/\/crt.org.br\/inthegra\/wp-content\/uploads\/2025\/05\/fundoSite-2.jpg\" class=\"150\" alt=\"\" srcset=\"https:\/\/crt.org.br\/inthegra\/wp-content\/uploads\/2025\/05\/fundoSite-2.jpg 1200w, https:\/\/crt.org.br\/inthegra\/wp-content\/uploads\/2025\/05\/fundoSite-2-214x300.jpg 214w, https:\/\/crt.org.br\/inthegra\/wp-content\/uploads\/2025\/05\/fundoSite-2-731x1024.jpg 731w, https:\/\/crt.org.br\/inthegra\/wp-content\/uploads\/2025\/05\/fundoSite-2-768x1075.jpg 768w, https:\/\/crt.org.br\/inthegra\/wp-content\/uploads\/2025\/05\/fundoSite-2-1097x1536.jpg 1097w\" sizes=\"(max-width: 1200px) 100vw, 1200px\" \/>                <\/div>\n                        <a href=\"https:\/\/crt.org.br\/inthegra\/meu-perfil\/?uid=29\"><div class=\"pm-user-image pm-dbfl pm-bg-lt \"><img loading=\"lazy\" decoding=\"async\" width=\"150\" height=\"150\" src=\"https:\/\/crt.org.br\/inthegra\/wp-content\/uploads\/2025\/05\/53061-150x150.jpg\" class=\"user-profile-image\" alt=\"\" loading=\"\" \/><\/div><\/a>\n                        <div class=\"pm-user-description pm-dbfl pm-bg-lt\">\n                <div class=\"pm-user-card-title pm-dbfl pm-pad10 pm-bg-lt pm-clip\">\n                                    <a href=\"https:\/\/crt.org.br\/inthegra\/meu-perfil\/?uid=29\">Lea Castelo Branco de Carvalho <\/a>\n                                                    <\/div>\n                                  \n            <\/div>\n                      <\/div>         \n      \t        \n        <div class=\"pm-user-card pm-difl pm-border pm-radius5\">\n                        <div class=\"pm-user-card-cover pm-dbfl\">\n                <img decoding=\"async\" width=\"1200\" height=\"1680\" src=\"https:\/\/crt.org.br\/inthegra\/wp-content\/uploads\/2025\/05\/fundoSite-2.jpg\" class=\"150\" alt=\"\" srcset=\"https:\/\/crt.org.br\/inthegra\/wp-content\/uploads\/2025\/05\/fundoSite-2.jpg 1200w, https:\/\/crt.org.br\/inthegra\/wp-content\/uploads\/2025\/05\/fundoSite-2-214x300.jpg 214w, https:\/\/crt.org.br\/inthegra\/wp-content\/uploads\/2025\/05\/fundoSite-2-731x1024.jpg 731w, https:\/\/crt.org.br\/inthegra\/wp-content\/uploads\/2025\/05\/fundoSite-2-768x1075.jpg 768w, https:\/\/crt.org.br\/inthegra\/wp-content\/uploads\/2025\/05\/fundoSite-2-1097x1536.jpg 1097w\" sizes=\"(max-width: 1200px) 100vw, 1200px\" \/>                <\/div>\n                        <a href=\"https:\/\/crt.org.br\/inthegra\/meu-perfil\/?uid=30\"><div class=\"pm-user-image pm-dbfl pm-bg-lt \"><img loading=\"lazy\" decoding=\"async\" width=\"150\" height=\"150\" src=\"https:\/\/crt.org.br\/inthegra\/wp-content\/uploads\/2025\/05\/51112-150x150.jpg\" class=\"user-profile-image\" alt=\"\" loading=\"\" \/><\/div><\/a>\n                        <div class=\"pm-user-description pm-dbfl pm-bg-lt\">\n                <div class=\"pm-user-card-title pm-dbfl pm-pad10 pm-bg-lt pm-clip\">\n                                    <a href=\"https:\/\/crt.org.br\/inthegra\/meu-perfil\/?uid=30\">Eric Flor Francisco <\/a>\n                                                    <\/div>\n                                  \n            <\/div>\n                      <\/div>         \n      \t        \n        <div class=\"pm-user-card pm-difl pm-border pm-radius5\">\n                        <div class=\"pm-user-card-cover pm-dbfl\">\n                <img decoding=\"async\" width=\"1200\" height=\"1680\" src=\"https:\/\/crt.org.br\/inthegra\/wp-content\/uploads\/2025\/05\/fundoSite-2.jpg\" class=\"150\" alt=\"\" srcset=\"https:\/\/crt.org.br\/inthegra\/wp-content\/uploads\/2025\/05\/fundoSite-2.jpg 1200w, https:\/\/crt.org.br\/inthegra\/wp-content\/uploads\/2025\/05\/fundoSite-2-214x300.jpg 214w, https:\/\/crt.org.br\/inthegra\/wp-content\/uploads\/2025\/05\/fundoSite-2-731x1024.jpg 731w, https:\/\/crt.org.br\/inthegra\/wp-content\/uploads\/2025\/05\/fundoSite-2-768x1075.jpg 768w, https:\/\/crt.org.br\/inthegra\/wp-content\/uploads\/2025\/05\/fundoSite-2-1097x1536.jpg 1097w\" sizes=\"(max-width: 1200px) 100vw, 1200px\" \/>                <\/div>\n                        <a href=\"https:\/\/crt.org.br\/inthegra\/meu-perfil\/?uid=33\"><div class=\"pm-user-image pm-dbfl pm-bg-lt \"><img loading=\"lazy\" decoding=\"async\" src=\"https:\/\/crt.org.br\/inthegra\/wp-content\/plugins\/profilegrid-user-profiles-groups-and-communities\/public\/\/partials\/images\/default-user.png\" width=\"150\" height=\"150\" class=\"user-profile-image\" \/><\/div><\/a>\n                        <div class=\"pm-user-description pm-dbfl pm-bg-lt\">\n                <div class=\"pm-user-card-title pm-dbfl pm-pad10 pm-bg-lt pm-clip\">\n                                    <a href=\"https:\/\/crt.org.br\/inthegra\/meu-perfil\/?uid=33\">Jo\u00e3o Gilberto Pompermaier Pereira <\/a>\n                                                    <\/div>\n                                  \n            <\/div>\n                      <\/div>         \n      \t        \n        <div class=\"pm-user-card pm-difl pm-border pm-radius5\">\n                        <div class=\"pm-user-card-cover pm-dbfl\">\n                <img decoding=\"async\" width=\"1200\" height=\"1680\" src=\"https:\/\/crt.org.br\/inthegra\/wp-content\/uploads\/2025\/05\/fundoSite-2.jpg\" class=\"150\" alt=\"\" srcset=\"https:\/\/crt.org.br\/inthegra\/wp-content\/uploads\/2025\/05\/fundoSite-2.jpg 1200w, https:\/\/crt.org.br\/inthegra\/wp-content\/uploads\/2025\/05\/fundoSite-2-214x300.jpg 214w, https:\/\/crt.org.br\/inthegra\/wp-content\/uploads\/2025\/05\/fundoSite-2-731x1024.jpg 731w, https:\/\/crt.org.br\/inthegra\/wp-content\/uploads\/2025\/05\/fundoSite-2-768x1075.jpg 768w, https:\/\/crt.org.br\/inthegra\/wp-content\/uploads\/2025\/05\/fundoSite-2-1097x1536.jpg 1097w\" sizes=\"(max-width: 1200px) 100vw, 1200px\" \/>                <\/div>\n                        <a href=\"https:\/\/crt.org.br\/inthegra\/meu-perfil\/?uid=35\"><div class=\"pm-user-image pm-dbfl pm-bg-lt \"><img loading=\"lazy\" decoding=\"async\" src=\"https:\/\/crt.org.br\/inthegra\/wp-content\/plugins\/profilegrid-user-profiles-groups-and-communities\/public\/\/partials\/images\/default-user.png\" width=\"150\" height=\"150\" class=\"user-profile-image\" \/><\/div><\/a>\n                        <div class=\"pm-user-description pm-dbfl pm-bg-lt\">\n                <div class=\"pm-user-card-title pm-dbfl pm-pad10 pm-bg-lt pm-clip\">\n                                    <a href=\"https:\/\/crt.org.br\/inthegra\/meu-perfil\/?uid=35\">Andrea G U. Spagnuolo <\/a>\n                                                    <\/div>\n                                  \n            <\/div>\n                      <\/div>         \n      \t        \n        <div class=\"pm-user-card pm-difl pm-border pm-radius5\">\n                        <div class=\"pm-user-card-cover pm-dbfl\">\n                <img decoding=\"async\" width=\"1200\" height=\"1680\" src=\"https:\/\/crt.org.br\/inthegra\/wp-content\/uploads\/2025\/05\/fundoSite-2.jpg\" class=\"150\" alt=\"\" srcset=\"https:\/\/crt.org.br\/inthegra\/wp-content\/uploads\/2025\/05\/fundoSite-2.jpg 1200w, https:\/\/crt.org.br\/inthegra\/wp-content\/uploads\/2025\/05\/fundoSite-2-214x300.jpg 214w, https:\/\/crt.org.br\/inthegra\/wp-content\/uploads\/2025\/05\/fundoSite-2-731x1024.jpg 731w, https:\/\/crt.org.br\/inthegra\/wp-content\/uploads\/2025\/05\/fundoSite-2-768x1075.jpg 768w, https:\/\/crt.org.br\/inthegra\/wp-content\/uploads\/2025\/05\/fundoSite-2-1097x1536.jpg 1097w\" sizes=\"(max-width: 1200px) 100vw, 1200px\" \/>                <\/div>\n                        <a href=\"https:\/\/crt.org.br\/inthegra\/meu-perfil\/?uid=36\"><div class=\"pm-user-image pm-dbfl pm-bg-lt \"><img loading=\"lazy\" decoding=\"async\" src=\"https:\/\/crt.org.br\/inthegra\/wp-content\/plugins\/profilegrid-user-profiles-groups-and-communities\/public\/\/partials\/images\/default-user.png\" width=\"150\" height=\"150\" class=\"user-profile-image\" \/><\/div><\/a>\n                        <div class=\"pm-user-description pm-dbfl pm-bg-lt\">\n                <div class=\"pm-user-card-title pm-dbfl pm-pad10 pm-bg-lt pm-clip\">\n                                    <a href=\"https:\/\/crt.org.br\/inthegra\/meu-perfil\/?uid=36\">Alexandrte Isidro de Oliveira <\/a>\n                                                    <\/div>\n                                  \n            <\/div>\n                      <\/div>         \n      \t        \n        <div class=\"pm-user-card pm-difl pm-border pm-radius5\">\n                        <div class=\"pm-user-card-cover pm-dbfl\">\n                <img decoding=\"async\" width=\"1200\" height=\"1680\" src=\"https:\/\/crt.org.br\/inthegra\/wp-content\/uploads\/2025\/05\/fundoSite-2.jpg\" class=\"150\" alt=\"\" srcset=\"https:\/\/crt.org.br\/inthegra\/wp-content\/uploads\/2025\/05\/fundoSite-2.jpg 1200w, https:\/\/crt.org.br\/inthegra\/wp-content\/uploads\/2025\/05\/fundoSite-2-214x300.jpg 214w, https:\/\/crt.org.br\/inthegra\/wp-content\/uploads\/2025\/05\/fundoSite-2-731x1024.jpg 731w, https:\/\/crt.org.br\/inthegra\/wp-content\/uploads\/2025\/05\/fundoSite-2-768x1075.jpg 768w, https:\/\/crt.org.br\/inthegra\/wp-content\/uploads\/2025\/05\/fundoSite-2-1097x1536.jpg 1097w\" sizes=\"(max-width: 1200px) 100vw, 1200px\" \/>                <\/div>\n                        <a href=\"https:\/\/crt.org.br\/inthegra\/meu-perfil\/?uid=37\"><div class=\"pm-user-image pm-dbfl pm-bg-lt \"><img loading=\"lazy\" decoding=\"async\" width=\"150\" height=\"150\" src=\"https:\/\/crt.org.br\/inthegra\/wp-content\/uploads\/2025\/10\/foto-150x150.jpg\" class=\"user-profile-image\" alt=\"\" loading=\"\" \/><\/div><\/a>\n                        <div class=\"pm-user-description pm-dbfl pm-bg-lt\">\n                <div class=\"pm-user-card-title pm-dbfl pm-pad10 pm-bg-lt pm-clip\">\n                                    <a href=\"https:\/\/crt.org.br\/inthegra\/meu-perfil\/?uid=37\">Renato Welbert de Oliveira <\/a>\n                                                    <\/div>\n                                  \n            <\/div>\n                      <\/div>         \n      \t        \n        <div class=\"pm-user-card pm-difl pm-border pm-radius5\">\n                        <div class=\"pm-user-card-cover pm-dbfl\">\n                <img decoding=\"async\" width=\"1200\" height=\"1680\" src=\"https:\/\/crt.org.br\/inthegra\/wp-content\/uploads\/2025\/05\/fundoSite-2.jpg\" class=\"150\" alt=\"\" srcset=\"https:\/\/crt.org.br\/inthegra\/wp-content\/uploads\/2025\/05\/fundoSite-2.jpg 1200w, https:\/\/crt.org.br\/inthegra\/wp-content\/uploads\/2025\/05\/fundoSite-2-214x300.jpg 214w, https:\/\/crt.org.br\/inthegra\/wp-content\/uploads\/2025\/05\/fundoSite-2-731x1024.jpg 731w, https:\/\/crt.org.br\/inthegra\/wp-content\/uploads\/2025\/05\/fundoSite-2-768x1075.jpg 768w, https:\/\/crt.org.br\/inthegra\/wp-content\/uploads\/2025\/05\/fundoSite-2-1097x1536.jpg 1097w\" sizes=\"(max-width: 1200px) 100vw, 1200px\" \/>                <\/div>\n                        <a href=\"https:\/\/crt.org.br\/inthegra\/meu-perfil\/?uid=38\"><div class=\"pm-user-image pm-dbfl pm-bg-lt \"><img loading=\"lazy\" decoding=\"async\" width=\"150\" height=\"150\" src=\"https:\/\/crt.org.br\/inthegra\/wp-content\/uploads\/2025\/12\/Foto-de-rosto-1-150x150.jpg\" class=\"user-profile-image\" alt=\"\" loading=\"\" \/><\/div><\/a>\n                        <div class=\"pm-user-description pm-dbfl pm-bg-lt\">\n                <div class=\"pm-user-card-title pm-dbfl pm-pad10 pm-bg-lt pm-clip\">\n                                    <a href=\"https:\/\/crt.org.br\/inthegra\/meu-perfil\/?uid=38\">Patricia Julien Garcia <\/a>\n                                                    <\/div>\n                                  \n            <\/div>\n                      <\/div>         \n      \t        \n        <div class=\"pm-user-card pm-difl pm-border pm-radius5\">\n                        <div class=\"pm-user-card-cover pm-dbfl\">\n                <img decoding=\"async\" width=\"1200\" height=\"1680\" src=\"https:\/\/crt.org.br\/inthegra\/wp-content\/uploads\/2025\/05\/fundoSite-2.jpg\" class=\"150\" alt=\"\" srcset=\"https:\/\/crt.org.br\/inthegra\/wp-content\/uploads\/2025\/05\/fundoSite-2.jpg 1200w, https:\/\/crt.org.br\/inthegra\/wp-content\/uploads\/2025\/05\/fundoSite-2-214x300.jpg 214w, https:\/\/crt.org.br\/inthegra\/wp-content\/uploads\/2025\/05\/fundoSite-2-731x1024.jpg 731w, https:\/\/crt.org.br\/inthegra\/wp-content\/uploads\/2025\/05\/fundoSite-2-768x1075.jpg 768w, https:\/\/crt.org.br\/inthegra\/wp-content\/uploads\/2025\/05\/fundoSite-2-1097x1536.jpg 1097w\" sizes=\"(max-width: 1200px) 100vw, 1200px\" \/>                <\/div>\n                        <a href=\"https:\/\/crt.org.br\/inthegra\/meu-perfil\/?uid=41\"><div class=\"pm-user-image pm-dbfl pm-bg-lt \"><img loading=\"lazy\" decoding=\"async\" width=\"150\" height=\"150\" src=\"https:\/\/crt.org.br\/inthegra\/wp-content\/uploads\/2026\/04\/composit-atualizado-150x150.jpg\" class=\"user-profile-image\" alt=\"\" loading=\"\" \/><\/div><\/a>\n                        <div class=\"pm-user-description pm-dbfl pm-bg-lt\">\n                <div class=\"pm-user-card-title pm-dbfl pm-pad10 pm-bg-lt pm-clip\">\n                                    <a href=\"https:\/\/crt.org.br\/inthegra\/meu-perfil\/?uid=41\">maria tereza bossi ribeiro <\/a>\n                                                    <\/div>\n                                  \n            <\/div>\n                      <\/div>         \n      \t<div class=\"pm_clear\"><\/div><div class=\"pm-member-pagination-grid\"><\/div>            <\/div>  \n          <\/div>\n                        \n        \n      <\/div>\n            \n<\/div>\n    <\/div>\n<div class=\"pm-popup-mask\"><\/div>    \n\n<div id=\"pm-edit-group-popup\" style=\"display: none;\">\n    <div class=\"pm-popup-container\" id=\"pg_edit_group_html_container\">\n     \n        \n    <\/div>\n<\/div>\n\n\n","protected":false},"excerpt":{"rendered":"","protected":false},"author":1,"featured_media":0,"parent":0,"menu_order":0,"comment_status":"closed","ping_status":"closed","template":"","meta":{"ngg_post_thumbnail":0,"footnotes":""},"class_list":["post-16351","page","type-page","status-publish","hentry"],"_links":{"self":[{"href":"https:\/\/crt.org.br\/inthegra\/wp-json\/wp\/v2\/pages\/16351","targetHints":{"allow":["GET"]}}],"collection":[{"href":"https:\/\/crt.org.br\/inthegra\/wp-json\/wp\/v2\/pages"}],"about":[{"href":"https:\/\/crt.org.br\/inthegra\/wp-json\/wp\/v2\/types\/page"}],"author":[{"embeddable":true,"href":"https:\/\/crt.org.br\/inthegra\/wp-json\/wp\/v2\/users\/1"}],"replies":[{"embeddable":true,"href":"https:\/\/crt.org.br\/inthegra\/wp-json\/wp\/v2\/comments?post=16351"}],"version-history":[{"count":1,"href":"https:\/\/crt.org.br\/inthegra\/wp-json\/wp\/v2\/pages\/16351\/revisions"}],"predecessor-version":[{"id":16386,"href":"https:\/\/crt.org.br\/inthegra\/wp-json\/wp\/v2\/pages\/16351\/revisions\/16386"}],"wp:attachment":[{"href":"https:\/\/crt.org.br\/inthegra\/wp-json\/wp\/v2\/media?parent=16351"}],"curies":[{"name":"wp","href":"https:\/\/api.w.org\/{rel}","templated":true}]}}